{"id":9,"date":"2023-09-13T22:03:19","date_gmt":"2023-09-13T22:03:19","guid":{"rendered":"https:\/\/www.h.hogarinfantilpulgarcito.com\/?page_id=9"},"modified":"2023-09-16T00:26:29","modified_gmt":"2023-09-16T00:26:29","slug":"inicio","status":"publish","type":"page","link":"https:\/\/www.hogarinfantilpulgarcito.com\/","title":{"rendered":"INICIO"},"content":{"rendered":"\t\t<div data-elementor-type=\"wp-page\" data-elementor-id=\"9\" class=\"elementor elementor-9\">\n\t\t\t\t<div class=\"elementor-element elementor-element-c161bca elementor-hidden-mobile e-flex e-con-boxed e-con e-parent\" data-id=\"c161bca\" data-element_type=\"container\" data-settings=\"{&quot;background_background&quot;:&quot;slideshow&quot;,&quot;background_slideshow_gallery&quot;:[{&quot;id&quot;:27,&quot;url&quot;:&quot;https:\\\/\\\/www.hogarinfantilpulgarcito.com\\\/wp-content\\\/uploads\\\/2023\\\/09\\\/DSC_0306-scaled.jpg&quot;},{&quot;id&quot;:26,&quot;url&quot;:&quot;https:\\\/\\\/www.hogarinfantilpulgarcito.com\\\/wp-content\\\/uploads\\\/2023\\\/09\\\/DSC_0304-scaled.jpg&quot;},{&quot;id&quot;:286,&quot;url&quot;:&quot;https:\\\/\\\/www.hogarinfantilpulgarcito.com\\\/wp-content\\\/uploads\\\/2023\\\/09\\\/P1120033-scaled.jpg&quot;}],&quot;animation&quot;:&quot;none&quot;,&quot;background_slideshow_slide_transition&quot;:&quot;slide_down&quot;,&quot;background_slideshow_loop&quot;:&quot;yes&quot;,&quot;background_slideshow_slide_duration&quot;:5000,&quot;background_slideshow_transition_duration&quot;:500}\">\n\t\t\t\t\t<div class=\"e-con-inner\">\n\t\t\t\t<div class=\"elementor-element elementor-element-c87309f elementor-invisible elementor-widget elementor-widget-heading\" data-id=\"c87309f\" data-element_type=\"widget\" data-settings=\"{&quot;_animation&quot;:&quot;fadeInRight&quot;}\" data-widget_type=\"heading.default\">\n\t\t\t\t<div class=\"elementor-widget-container\">\n\t\t\t\t\t<h2 class=\"elementor-heading-title elementor-size-default\">\u00a1EL LUGAR DONDE CRECES Y APRENDES SIENDO FELIZ!<\/h2>\t\t\t\t<\/div>\n\t\t\t\t<\/div>\n\t\t\t\t\t<\/div>\n\t\t\t\t<\/div>\n\t\t<div class=\"elementor-element elementor-element-704462b e-flex e-con-boxed e-con e-parent\" data-id=\"704462b\" data-element_type=\"container\" data-settings=\"{&quot;background_background&quot;:&quot;classic&quot;}\">\n\t\t\t\t\t<div class=\"e-con-inner\">\n\t\t<div class=\"elementor-element elementor-element-64be429 e-con-full e-flex e-con e-child\" data-id=\"64be429\" data-element_type=\"container\">\n\t\t\t\t<div class=\"elementor-element elementor-element-2da4f22 elementor-widget elementor-widget-text-editor\" data-id=\"2da4f22\" data-element_type=\"widget\" data-widget_type=\"text-editor.default\">\n\t\t\t\t<div class=\"elementor-widget-container\">\n\t\t\t\t\t\t\t\t\t<h1 class=\"wb-stl-custom1\" data-dnid=\"10164\">Perfil del Estudiante<\/h1><p class=\"wb-stl-custom3\" data-dnid=\"10168\">El proyecto pedag\u00f3gico se enfoca en formar ni\u00f1os y ni\u00f1as aut\u00f3nomos, capaces de reconocer sus propias habilidades y las de los dem\u00e1s haciendo uso de sus\u00a0 competencias cognitivas y comportamientos prosociales, que le permitan desarrollarse en valores\u00a0 y asumir con valent\u00eda los retos de la vida escolar.<\/p>\t\t\t\t\t\t\t\t<\/div>\n\t\t\t\t<\/div>\n\t\t\t\t<\/div>\n\t\t<div class=\"elementor-element elementor-element-7bdaead e-con-full e-flex e-con e-child\" data-id=\"7bdaead\" data-element_type=\"container\">\n\t\t\t\t<div class=\"elementor-element elementor-element-5768f67 elementor-widget elementor-widget-text-editor\" data-id=\"5768f67\" data-element_type=\"widget\" data-widget_type=\"text-editor.default\">\n\t\t\t\t<div class=\"elementor-widget-container\">\n\t\t\t\t\t\t\t\t\t<p>Apoya la ni\u00f1ez de nuestra localidad, somos una asociaci\u00f3n de padres que trabaja con el ICBF atendiendo 260 ni\u00f1as y ni\u00f1os de los 6 meses a los 5 a\u00f1os, necesitamos de\u00a0 tu ayuda para cubrir costos adicionales de mantenimiento, servicios p\u00fablicos, adecuaci\u00f3n de infraestructura y costos para el mejoramiento del servicio.<\/p>\t\t\t\t\t\t\t\t<\/div>\n\t\t\t\t<\/div>\n\t\t\t\t<div class=\"elementor-element elementor-element-ec0411a elementor-align-center elementor-widget elementor-widget-button\" data-id=\"ec0411a\" data-element_type=\"widget\" data-widget_type=\"button.default\">\n\t\t\t\t<div class=\"elementor-widget-container\">\n\t\t\t\t\t\t\t\t\t<div class=\"elementor-button-wrapper\">\n\t\t\t\t\t<a class=\"elementor-button elementor-button-link elementor-size-sm\" href=\"https:\/\/www.hogarinfantilpulgarcito.com\/?page_id=226\">\n\t\t\t\t\t\t<span class=\"elementor-button-content-wrapper\">\n\t\t\t\t\t\t\t\t\t<span class=\"elementor-button-text\">Apoyanos con tu DONACI\u00d3N<\/span>\n\t\t\t\t\t<\/span>\n\t\t\t\t\t<\/a>\n\t\t\t\t<\/div>\n\t\t\t\t\t\t\t\t<\/div>\n\t\t\t\t<\/div>\n\t\t\t\t<\/div>\n\t\t\t\t\t<\/div>\n\t\t\t\t<\/div>\n\t\t\t\t<\/div>\n\t\t","protected":false},"excerpt":{"rendered":"<p>\u00a1EL LUGAR DONDE CRECES Y APRENDES SIENDO FELIZ! Perfil del Estudiante El proyecto pedag\u00f3gico se enfoca en formar ni\u00f1os y ni\u00f1as aut\u00f3nomos, capaces de reconocer sus propias habilidades y las de los dem\u00e1s haciendo uso de sus\u00a0 competencias cognitivas y comportamientos prosociales, que le permitan desarrollarse en valores\u00a0 y asumir con valent\u00eda los retos de [&hellip;]<\/p>\n","protected":false},"author":1,"featured_media":0,"parent":0,"menu_order":0,"comment_status":"closed","ping_status":"closed","template":"elementor_canvas","meta":{"footnotes":"","_joinchat":[]},"_links":{"self":[{"href":"https:\/\/www.hogarinfantilpulgarcito.com\/index.php?rest_route=\/wp\/v2\/pages\/9"}],"collection":[{"href":"https:\/\/www.hogarinfantilpulgarcito.com\/index.php?rest_route=\/wp\/v2\/pages"}],"about":[{"href":"https:\/\/www.hogarinfantilpulgarcito.com\/index.php?rest_route=\/wp\/v2\/types\/page"}],"author":[{"embeddable":true,"href":"https:\/\/www.hogarinfantilpulgarcito.com\/index.php?rest_route=\/wp\/v2\/users\/1"}],"replies":[{"embeddable":true,"href":"https:\/\/www.hogarinfantilpulgarcito.com\/index.php?rest_route=%2Fwp%2Fv2%2Fcomments&post=9"}],"version-history":[{"count":68,"href":"https:\/\/www.hogarinfantilpulgarcito.com\/index.php?rest_route=\/wp\/v2\/pages\/9\/revisions"}],"predecessor-version":[{"id":352,"href":"https:\/\/www.hogarinfantilpulgarcito.com\/index.php?rest_route=\/wp\/v2\/pages\/9\/revisions\/352"}],"wp:attachment":[{"href":"https:\/\/www.hogarinfantilpulgarcito.com\/index.php?rest_route=%2Fwp%2Fv2%2Fmedia&parent=9"}],"curies":[{"name":"wp","href":"https:\/\/api.w.org\/{rel}","templated":true}]}}