{"id":82,"date":"2023-09-14T03:37:14","date_gmt":"2023-09-14T03:37:14","guid":{"rendered":"https:\/\/www.h.hogarinfantilpulgarcito.com\/?page_id=82"},"modified":"2023-09-14T03:43:55","modified_gmt":"2023-09-14T03:43:55","slug":"servicios","status":"publish","type":"page","link":"https:\/\/www.hogarinfantilpulgarcito.com\/?page_id=82","title":{"rendered":"SERVICIOS"},"content":{"rendered":"\t\t<div data-elementor-type=\"wp-page\" data-elementor-id=\"82\" class=\"elementor elementor-82\">\n\t\t\t\t<div class=\"elementor-element elementor-element-4456037 e-flex e-con-boxed e-con e-parent\" data-id=\"4456037\" data-element_type=\"container\" data-settings=\"{&quot;background_background&quot;:&quot;classic&quot;}\">\n\t\t\t\t\t<div class=\"e-con-inner\">\n\t\t\t\t<div class=\"elementor-element elementor-element-775be03 elementor-widget elementor-widget-text-editor\" data-id=\"775be03\" data-element_type=\"widget\" data-widget_type=\"text-editor.default\">\n\t\t\t\t<div class=\"elementor-widget-container\">\n\t\t\t\t\t\t\t\t\t<h1 class=\"wb-stl-custom1\" data-dnid=\"30107\">Servicios Cualificados<\/h1><p class=\"wb-stl-custom3\" data-dnid=\"30111\">Dentro de nuestro servicio contamos con personal id\u00f3neo para atender todas y cada una de las necesidades de nuestros usuarios buscando satisfacer sus necesidades\u00a0 y garantizando sus derechos.<\/p><p class=\"wb-stl-custom3\" data-dnid=\"30113\">Contamos con:<\/p><p class=\"wb-stl-custom3\" data-dnid=\"30115\">\u00b7\u00a0Servicio de Alimentaci\u00f3n:\u00a0refrigerio reforzado en la ma\u00f1ana,\u00a0almuerzo y refrigerio de la tarde.<\/p><p class=\"wb-stl-custom3\" data-dnid=\"30117\">\u00b7\u00a0Departamento de Nutrici\u00f3n<\/p><p class=\"wb-stl-custom3\" data-dnid=\"30119\">\u00b7\u00a0Departamento de apoyo Psicosocial<\/p><p class=\"wb-stl-custom3\" data-dnid=\"30121\">\u00b7\u00a0Docentes titulares licenciadas.<\/p><p class=\"wb-stl-custom3\" data-dnid=\"30123\">\u00b7\u00a0Auxiliares Pedag\u00f3gicas T\u00e9cnicas en primera infancia, para cada grupo de edad.<\/p><p class=\"wb-stl-custom3\" data-dnid=\"30125\">\u00b7\u00a0Espacios L\u00fadicos, Literarios\u00a0 y Recreativos<\/p><p class=\"wb-stl-custom3\" data-dnid=\"30127\">\u00b7\u00a0Los ni\u00f1os y ni\u00f1as se ubican de acuerdo a sus edades en niveles desde los 6 meses (Salacuna ) hasta los 5 a\u00f1os (K\u00ednder).<\/p>\t\t\t\t\t\t\t\t<\/div>\n\t\t\t\t<\/div>\n\t\t\t\t<div class=\"elementor-element elementor-element-a4408b2 elementor-widget elementor-widget-text-editor\" data-id=\"a4408b2\" data-element_type=\"widget\" data-widget_type=\"text-editor.default\">\n\t\t\t\t<div class=\"elementor-widget-container\">\n\t\t\t\t\t\t\t\t\t<h1 class=\"wb-stl-custom1\" data-dnid=\"30131\">Estrat\u00e9gias Pedag\u00f3gicas<\/h1><p class=\"wb-stl-custom3\" data-dnid=\"30135\">El proyecto pedag\u00f3gico parte de la premisa de que los ni\u00f1os y ni\u00f1as ser\u00e1n agentes activos en todo su proceso de ense\u00f1anza-aprendizaje, siendo ellos mismos quienes proponen qu\u00e9 aprender y c\u00f3mo hacerlo de tal manera que sus necesidades y curiosidades sean los pilares de cualquier actividad planeada y de todo lo trabajado al interior del aula. Aqu\u00ed se incluyen: la estimulaci\u00f3n temprana,\u00a0 los contenidos escolares, los valores, el\u00a0 medio ambiente y la lectura., los derechos y deberes propios y de los dem\u00e1s.<\/p><p class=\"wb-stl-custom3\" data-dnid=\"30139\">Adem\u00e1s se realiza mediante estrategias llamativas para ellos que les permita crear, compartir y adquirir conocimientos mientras viven su vida diariamente y a trav\u00e9s de momentos pedag\u00f3gicos lo que facilita llevar un hilo conductor y obtener resultados al finalizar la jornada y el periodo escolar.\u00a0Adem\u00e1s de recrear espacios lo m\u00e1s parecidos a la realidad de forma que se puedan vivenciar a trav\u00e9s de las Experiencias pedag\u00f3gicas Innovadoras mensuales<\/p><p class=\"wb-stl-custom3\" data-dnid=\"30143\">Se involucran los agentes educadores y protectores, como parte fundamental, abriendo espacios para que comprendan los temas relacionados con los ni\u00f1os y ni\u00f1as de diversas formas, como son, formaci\u00f3n a padres y cuidadores, murales, celebraciones, olimpiadas, etc.<\/p>\t\t\t\t\t\t\t\t<\/div>\n\t\t\t\t<\/div>\n\t\t\t\t\t<\/div>\n\t\t\t\t<\/div>\n\t\t\t\t<\/div>\n\t\t","protected":false},"excerpt":{"rendered":"<p>Servicios Cualificados Dentro de nuestro servicio contamos con personal id\u00f3neo para atender todas y cada una de las necesidades de nuestros usuarios buscando satisfacer sus necesidades\u00a0 y garantizando sus derechos. Contamos con: \u00b7\u00a0Servicio de Alimentaci\u00f3n:\u00a0refrigerio reforzado en la ma\u00f1ana,\u00a0almuerzo y refrigerio de la tarde. \u00b7\u00a0Departamento de Nutrici\u00f3n \u00b7\u00a0Departamento de apoyo Psicosocial \u00b7\u00a0Docentes titulares licenciadas. \u00b7\u00a0Auxiliares [&hellip;]<\/p>\n","protected":false},"author":1,"featured_media":0,"parent":51,"menu_order":2,"comment_status":"closed","ping_status":"closed","template":"elementor_canvas","meta":{"footnotes":"","_joinchat":[]},"_links":{"self":[{"href":"https:\/\/www.hogarinfantilpulgarcito.com\/index.php?rest_route=\/wp\/v2\/pages\/82"}],"collection":[{"href":"https:\/\/www.hogarinfantilpulgarcito.com\/index.php?rest_route=\/wp\/v2\/pages"}],"about":[{"href":"https:\/\/www.hogarinfantilpulgarcito.com\/index.php?rest_route=\/wp\/v2\/types\/page"}],"author":[{"embeddable":true,"href":"https:\/\/www.hogarinfantilpulgarcito.com\/index.php?rest_route=\/wp\/v2\/users\/1"}],"replies":[{"embeddable":true,"href":"https:\/\/www.hogarinfantilpulgarcito.com\/index.php?rest_route=%2Fwp%2Fv2%2Fcomments&post=82"}],"version-history":[{"count":4,"href":"https:\/\/www.hogarinfantilpulgarcito.com\/index.php?rest_route=\/wp\/v2\/pages\/82\/revisions"}],"predecessor-version":[{"id":88,"href":"https:\/\/www.hogarinfantilpulgarcito.com\/index.php?rest_route=\/wp\/v2\/pages\/82\/revisions\/88"}],"up":[{"embeddable":true,"href":"https:\/\/www.hogarinfantilpulgarcito.com\/index.php?rest_route=\/wp\/v2\/pages\/51"}],"wp:attachment":[{"href":"https:\/\/www.hogarinfantilpulgarcito.com\/index.php?rest_route=%2Fwp%2Fv2%2Fmedia&parent=82"}],"curies":[{"name":"wp","href":"https:\/\/api.w.org\/{rel}","templated":true}]}}