{"id":51,"date":"2023-09-14T02:54:14","date_gmt":"2023-09-14T02:54:14","guid":{"rendered":"https:\/\/www.h.hogarinfantilpulgarcito.com\/?page_id=51"},"modified":"2023-09-14T03:07:02","modified_gmt":"2023-09-14T03:07:02","slug":"elementor-51","status":"publish","type":"page","link":"https:\/\/www.hogarinfantilpulgarcito.com\/?page_id=51","title":{"rendered":"QUIENES SOMOS"},"content":{"rendered":"\t\t<div data-elementor-type=\"wp-page\" data-elementor-id=\"51\" class=\"elementor elementor-51\">\n\t\t\t\t<div class=\"elementor-element elementor-element-f4cc8a4 e-flex e-con-boxed e-con e-parent\" data-id=\"f4cc8a4\" data-element_type=\"container\" data-settings=\"{&quot;background_background&quot;:&quot;classic&quot;}\">\n\t\t\t\t\t<div class=\"e-con-inner\">\n\t\t\t\t<div class=\"elementor-element elementor-element-5df8b21 elementor-widget elementor-widget-text-editor\" data-id=\"5df8b21\" data-element_type=\"widget\" data-widget_type=\"text-editor.default\">\n\t\t\t\t<div class=\"elementor-widget-container\">\n\t\t\t\t\t\t\t\t\t<h1 class=\"wb-stl-custom1\" data-dnid=\"20114\">Quienes Somos<\/h1><p class=\"wb-stl-custom3\" data-dnid=\"20118\">El Hogar Infantil Pulgarcito es una instituci\u00f3n adscrita al ICBF, administrada por la asociaci\u00f3n de padres de familia como entidad contratista, sin \u00e1nimo de lucro, con el prop\u00f3sito de generar un espacio \u00fanico para que los ni\u00f1os y ni\u00f1as construyan, creen y desarrollen sus potencialidades guiados por personal comprometido y capacitado para tal fin.<\/p>\t\t\t\t\t\t\t\t<\/div>\n\t\t\t\t<\/div>\n\t\t\t\t<div class=\"elementor-element elementor-element-faa4bfb elementor-widget elementor-widget-text-editor\" data-id=\"faa4bfb\" data-element_type=\"widget\" data-widget_type=\"text-editor.default\">\n\t\t\t\t<div class=\"elementor-widget-container\">\n\t\t\t\t\t\t\t\t\t<h1 class=\"wb-stl-custom1\" data-dnid=\"20107\">Misi\u00f3n<\/h1><p class=\"wb-stl-custom3\" data-dnid=\"20111\">Realizar nuestra labor con amor y conciencia teniendo en cuenta el desarrollo y necesidades de cada ni\u00f1o y ni\u00f1a en todos sus procesos y \u00e1reas de ajuste, involucrando el adulto y su entorno.<\/p>\t\t\t\t\t\t\t\t<\/div>\n\t\t\t\t<\/div>\n\t\t\t\t<div class=\"elementor-element elementor-element-0a0369e elementor-widget elementor-widget-text-editor\" data-id=\"0a0369e\" data-element_type=\"widget\" data-widget_type=\"text-editor.default\">\n\t\t\t\t<div class=\"elementor-widget-container\">\n\t\t\t\t\t\t\t\t\t<h1 class=\"wb-stl-custom1\" data-dnid=\"20122\">Visi\u00f3n<\/h1><p class=\"wb-stl-custom3\" data-dnid=\"20126\">El Hogar Infantil busca brindar a los ni\u00f1os y ni\u00f1as usuarios una mejor calidad de vida, cultivando principios y valores en cada uno de ellos para formar seres humanos con una visi\u00f3n de construcci\u00f3n, investigaci\u00f3n, decisi\u00f3n y sentido de pertenencia en su grupo social y en su diario vivir.<\/p>\t\t\t\t\t\t\t\t<\/div>\n\t\t\t\t<\/div>\n\t\t\t\t\t<\/div>\n\t\t\t\t<\/div>\n\t\t\t\t<\/div>\n\t\t","protected":false},"excerpt":{"rendered":"<p>Quienes Somos El Hogar Infantil Pulgarcito es una instituci\u00f3n adscrita al ICBF, administrada por la asociaci\u00f3n de padres de familia como entidad contratista, sin \u00e1nimo de lucro, con el prop\u00f3sito de generar un espacio \u00fanico para que los ni\u00f1os y ni\u00f1as construyan, creen y desarrollen sus potencialidades guiados por personal comprometido y capacitado para tal [&hellip;]<\/p>\n","protected":false},"author":1,"featured_media":0,"parent":9,"menu_order":1,"comment_status":"closed","ping_status":"closed","template":"elementor_canvas","meta":{"footnotes":"","_joinchat":[]},"_links":{"self":[{"href":"https:\/\/www.hogarinfantilpulgarcito.com\/index.php?rest_route=\/wp\/v2\/pages\/51"}],"collection":[{"href":"https:\/\/www.hogarinfantilpulgarcito.com\/index.php?rest_route=\/wp\/v2\/pages"}],"about":[{"href":"https:\/\/www.hogarinfantilpulgarcito.com\/index.php?rest_route=\/wp\/v2\/types\/page"}],"author":[{"embeddable":true,"href":"https:\/\/www.hogarinfantilpulgarcito.com\/index.php?rest_route=\/wp\/v2\/users\/1"}],"replies":[{"embeddable":true,"href":"https:\/\/www.hogarinfantilpulgarcito.com\/index.php?rest_route=%2Fwp%2Fv2%2Fcomments&post=51"}],"version-history":[{"count":7,"href":"https:\/\/www.hogarinfantilpulgarcito.com\/index.php?rest_route=\/wp\/v2\/pages\/51\/revisions"}],"predecessor-version":[{"id":58,"href":"https:\/\/www.hogarinfantilpulgarcito.com\/index.php?rest_route=\/wp\/v2\/pages\/51\/revisions\/58"}],"up":[{"embeddable":true,"href":"https:\/\/www.hogarinfantilpulgarcito.com\/index.php?rest_route=\/wp\/v2\/pages\/9"}],"wp:attachment":[{"href":"https:\/\/www.hogarinfantilpulgarcito.com\/index.php?rest_route=%2Fwp%2Fv2%2Fmedia&parent=51"}],"curies":[{"name":"wp","href":"https:\/\/api.w.org\/{rel}","templated":true}]}}