{"id":171,"date":"2023-09-14T20:40:29","date_gmt":"2023-09-14T20:40:29","guid":{"rendered":"https:\/\/www.h.hogarinfantilpulgarcito.com\/?page_id=171"},"modified":"2023-09-14T20:51:30","modified_gmt":"2023-09-14T20:51:30","slug":"la-asociacion","status":"publish","type":"page","link":"https:\/\/www.hogarinfantilpulgarcito.com\/?page_id=171","title":{"rendered":"LA ASOCIACI\u00d3N"},"content":{"rendered":"\t\t<div data-elementor-type=\"wp-page\" data-elementor-id=\"171\" class=\"elementor elementor-171\">\n\t\t\t\t<div class=\"elementor-element elementor-element-320fa1f e-flex e-con-boxed e-con e-parent\" data-id=\"320fa1f\" data-element_type=\"container\">\n\t\t\t\t\t<div class=\"e-con-inner\">\n\t\t\t\t<div class=\"elementor-element elementor-element-2828423 elementor-widget elementor-widget-text-editor\" data-id=\"2828423\" data-element_type=\"widget\" data-widget_type=\"text-editor.default\">\n\t\t\t\t<div class=\"elementor-widget-container\">\n\t\t\t\t\t\t\t\t\t<h1 class=\"wb-stl-custom1\" data-dnid=\"190108\">Entidad Administradora de Servicios<\/h1><p class=\"wb-stl-custom2\" data-dnid=\"190110\">\u00a0<\/p><p class=\"wb-stl-custom3\" data-dnid=\"190112\"><strong>RESE\u00d1A HIST\u00d3RICA<\/strong><br \/>El Hogar Infantil Pulgarcito es una entidad sin \u00e1nimo de lucro vinculada al ICBF, que se encuentra ubicada en la Cra 89 N 66\u00aa 42, Barrio la Florida; se inici\u00f3 en el Barrio Florencia en el a\u00f1o de 1980 con el nombre de Casa Vecinal El Porvenir dependiendo directamente del Hogar Infantil comunitario Florencia en los aspectos de presupuesto, organizaci\u00f3n y administraci\u00f3n del personal.<\/p><p class=\"wb-stl-custom3\" data-dnid=\"190114\">\u00a0<\/p><p class=\"wb-stl-custom3\" data-dnid=\"190116\">Dirigido por la se\u00f1ora Mireya Avila de Marques del Hogar Infantil Florencia y representante legal de la Casa vecinal ante el ICBF. Luego de varias administraciones y habiendo identificado el lote de propiedad del ICBF, la se\u00f1ora Fanny Gonz\u00e1lez solicit\u00f3 la donaci\u00f3n del mismo, en el cual dos administraciones despu\u00e9s el entonces representante Legal Pedro Ignacio Acosta procedi\u00f3 a hacer la construcci\u00f3n locativa del Hogar y para el d\u00eda 1 de abril de 1986, se istal\u00f3 en forma definitiva con el nombre de HOGAR INFANTIL PULGARCITO, con una cobertura de 70 ni\u00f1os. Se realizaron talleres con padres de familia para conseguir elementos de cocina y limpieza, poco tiempo despu\u00e9s se eligi\u00f3 a la se\u00f1ora Magdalena Becerra como directora ampliando la cobertura a 260 ni\u00f1as entre 6 meses a 5 a\u00f1os desde el 28 de mayo del mismo a\u00f1o ordenada por el ICBF. Iniciando actividades el 4 de septiembre labor con la cual se busc\u00f3 solucionar en alguna medida las necesidades de madres trabajadoras con ni\u00f1os menores de 7 a\u00f1os de acuerdo a la ley 27 de 1974.<\/p><p class=\"wb-stl-custom3\" data-dnid=\"190118\">\u00a0<\/p><p class=\"wb-stl-custom3\" data-dnid=\"190120\">La primera Junta Administradora estaba conformada por:<\/p><p class=\"wb-stl-custom3\" data-dnid=\"190122\">Representante Legal:<br \/>Pedro Ignacio Acosta<br \/>Vicepresidente:<br \/>Carlos Arturo Duarte<br \/>Fiscal ICBF:<br \/>M\u00e9rida Polanco De Garrido<br \/>Representante De Salud:<br \/>Francisco Iv\u00e1n Gonz\u00e1lez<br \/>Vocal:<br \/>Clara In\u00e9s Palomino<br \/>Secretaria (Directora):<br \/>Mar\u00eda Magdalena Becerra.<\/p><p class=\"wb-stl-custom3\" data-dnid=\"190124\">Desde 1994 y hasta la actualidad se encuentra Administrada por la Asociaci\u00f3n de Padres de Familia, quien elige la Junta Directiva, Comit\u00e9 de veedur\u00eda y Fiscal.<\/p>\t\t\t\t\t\t\t\t<\/div>\n\t\t\t\t<\/div>\n\t\t\t\t\t<\/div>\n\t\t\t\t<\/div>\n\t\t\t\t<\/div>\n\t\t","protected":false},"excerpt":{"rendered":"<p>Entidad Administradora de Servicios \u00a0 RESE\u00d1A HIST\u00d3RICAEl Hogar Infantil Pulgarcito es una entidad sin \u00e1nimo de lucro vinculada al ICBF, que se encuentra ubicada en la Cra 89 N 66\u00aa 42, Barrio la Florida; se inici\u00f3 en el Barrio Florencia en el a\u00f1o de 1980 con el nombre de Casa Vecinal El Porvenir dependiendo directamente [&hellip;]<\/p>\n","protected":false},"author":1,"featured_media":0,"parent":130,"menu_order":7,"comment_status":"closed","ping_status":"closed","template":"elementor_canvas","meta":{"footnotes":"","_joinchat":[]},"_links":{"self":[{"href":"https:\/\/www.hogarinfantilpulgarcito.com\/index.php?rest_route=\/wp\/v2\/pages\/171"}],"collection":[{"href":"https:\/\/www.hogarinfantilpulgarcito.com\/index.php?rest_route=\/wp\/v2\/pages"}],"about":[{"href":"https:\/\/www.hogarinfantilpulgarcito.com\/index.php?rest_route=\/wp\/v2\/types\/page"}],"author":[{"embeddable":true,"href":"https:\/\/www.hogarinfantilpulgarcito.com\/index.php?rest_route=\/wp\/v2\/users\/1"}],"replies":[{"embeddable":true,"href":"https:\/\/www.hogarinfantilpulgarcito.com\/index.php?rest_route=%2Fwp%2Fv2%2Fcomments&post=171"}],"version-history":[{"count":7,"href":"https:\/\/www.hogarinfantilpulgarcito.com\/index.php?rest_route=\/wp\/v2\/pages\/171\/revisions"}],"predecessor-version":[{"id":180,"href":"https:\/\/www.hogarinfantilpulgarcito.com\/index.php?rest_route=\/wp\/v2\/pages\/171\/revisions\/180"}],"up":[{"embeddable":true,"href":"https:\/\/www.hogarinfantilpulgarcito.com\/index.php?rest_route=\/wp\/v2\/pages\/130"}],"wp:attachment":[{"href":"https:\/\/www.hogarinfantilpulgarcito.com\/index.php?rest_route=%2Fwp%2Fv2%2Fmedia&parent=171"}],"curies":[{"name":"wp","href":"https:\/\/api.w.org\/{rel}","templated":true}]}}