{"id":155,"date":"2023-09-14T20:32:35","date_gmt":"2023-09-14T20:32:35","guid":{"rendered":"https:\/\/www.h.hogarinfantilpulgarcito.com\/?page_id=155"},"modified":"2023-09-16T00:38:02","modified_gmt":"2023-09-16T00:38:02","slug":"inscripcion-nins-antiguos","status":"publish","type":"page","link":"https:\/\/www.hogarinfantilpulgarcito.com\/?page_id=155","title":{"rendered":"Inscripci\u00f3n Ni\u00f1@s Antiguos"},"content":{"rendered":"\t\t<div data-elementor-type=\"wp-page\" data-elementor-id=\"155\" class=\"elementor elementor-155\">\n\t\t\t\t<div class=\"elementor-element elementor-element-d286f55 e-flex e-con-boxed e-con e-parent\" data-id=\"d286f55\" data-element_type=\"container\">\n\t\t\t\t\t<div class=\"e-con-inner\">\n\t\t\t\t<div class=\"elementor-element elementor-element-8b2f72c elementor-widget elementor-widget-text-editor\" data-id=\"8b2f72c\" data-element_type=\"widget\" data-widget_type=\"text-editor.default\">\n\t\t\t\t<div class=\"elementor-widget-container\">\n\t\t\t\t\t\t\t\t\t<h1 class=\"wb-stl-custom1\" data-dnid=\"120110\">Proceso de inscripci\u00f3n de ni\u00f1os y ni\u00f1as ANTIGUOS<\/h1><ol><li>Una vez se encuentre a paz y salvo\u00a0(tasas compensatorias), la agente educativa a cargo entregar\u00e1 la preinscripci\u00f3n para el 2023.<\/li><li>Usted deber\u00e1 entregar el formato de Preinscripci\u00f3n diligenciado con letra legible, sin tachones ni enmendaduras a la agente educativa.<\/li><li>A partir de ese momento se reserva el cupo, el cual se formalizar\u00e1 con el soporte de aporte\u00a0correspondiente al 2023, por los valores indicados. Recuerde nuestras promociones permanentes 2&#215;1 y plan referidos.\u00a0<span data-dnid=\"120347\">Sin soporte de aporte correspondiente al 2023, NO se legaliza inscripci\u00f3n.<\/span><\/li><li>En el 2023 deber\u00e1 actualizar los documentos m\u00e9dicos, certificados de ingresos y afiliaci\u00f3n a EPS del ADRES, certificados de ingresos y carpeta plastificada seg\u00fan el color correspondiente con tres ganchos legajadores pl\u00e1sticos, antes de iniciar la prestaci\u00f3n del servicio.<\/li><\/ol><p data-dnid=\"120130\">\u00a0<\/p><p class=\"wb-stl-custom10\" data-dnid=\"120130\">En enero de 2023\u00a0debe adicionar los siguientes requisitos, antes del inicio de la prestaci\u00f3n del servicio, CON FECHA 2023:<\/p><ol><li>Rejilla de crecimiento y desarrollo (EPS)<\/li><li>Certificado de crecimiento y desarrollo (EPS)<\/li><li>Certificado medico que incluya tamizaje visual y auditivo<\/li><li>Afiliaci\u00f3n a sistema de seguridad social y salud descargado del ADRES<\/li><li>Valoraci\u00f3n odontol\u00f3gica<\/li><li>Cartas laborales y\/o extrajuicios\u00a0(desempleados, independientes, hogar)<\/li><\/ol><p>\u00a0<\/p><h1 class=\"wb-stl-custom11\" data-dnid=\"120138\">Edades y Colores de Carpetas:<\/h1><p class=\"wb-stl-custom8\" data-dnid=\"120140\">LAS CARPETAS DEBEN SER PLASTIFICADAS\u00a0TAMA\u00d1O OFICIO CON 3 GANCHOS LEGAJADORES\u00a0PLASTICOS<\/p><ul class=\"wb-stl-list1\" data-dnid=\"120142\"><li data-dnid=\"120278\"><p class=\"wb-stl-custom2\" data-dnid=\"120366\">Salacuna (Ni\u00f1os de 6 a 23 meses).<\/p><\/li><\/ul><h3 class=\"wb-stl-custom12\" data-dnid=\"120144\">\u00a0 \u00a0 \u00a0 CARPETA AMARILLA<\/h3><ul class=\"wb-stl-list1\" data-dnid=\"120146\"><li data-dnid=\"120282\">P\u00e1rvulos (Ni\u00f1os de 24 a 35 meses)<\/li><\/ul><h3 class=\"wb-stl-custom13\" data-dnid=\"120148\">\u00a0 \u00a0 \u00a0 CARPETA ROJA<\/h3><ul class=\"wb-stl-list1\" data-dnid=\"120150\"><li data-dnid=\"120286\">Pre k\u00ednder (Ni\u00f1os de 36 meses a 47 meses)<\/li><\/ul><h3 class=\"wb-stl-custom14\" data-dnid=\"120152\">\u00a0 \u00a0 \u00a0\u00a0<span data-dnid=\"120289\">CARPETA AZUL<\/span><\/h3><ul class=\"wb-stl-list1\" data-dnid=\"120154\"><li data-dnid=\"120291\">K\u00ednder (Ni\u00f1os de 48 a\u00a0 59 meses)<\/li><\/ul><h3 class=\"wb-stl-custom15\" data-dnid=\"120156\">\u00a0 \u00a0 \u00a0 CARPETA VERDE<\/h3><p class=\"wb-stl-custom3\" data-dnid=\"120158\">El servicio se presta durante todo el a\u00f1o de manera ininterrumpida hasta el mes de Diciembre.<\/p><p class=\"wb-stl-custom3\" data-dnid=\"120160\">En los meses de Junio y Octubre no hay receso escolar, con el fin de favorecer a los ni\u00f1os y ni\u00f1as cuyos padres trabajan permanentemente y no tienen a quien encomendarle el cuidado de sus hij@s.<\/p><p data-dnid=\"120160\">\u00a0<\/p><h1 class=\"wb-stl-custom11\" data-dnid=\"120166\">Proceso de legalizaci\u00f3n de Inscripci\u00f3n:<\/h1><p class=\"wb-stl-custom2\" data-dnid=\"120168\">Pregunta por nuestras promociones antes de realizar el aporte.<\/p><p class=\"wb-stl-custom2\" data-dnid=\"120170\">Para la legalizaci\u00f3n de la inscripci\u00f3n deben traer la carpeta del color que corresponda, los requisitos COMPLETOS y el comprobante de pago.<\/p><p class=\"wb-stl-custom2\" data-dnid=\"120170\">Para el a\u00f1o 2023 la atenci\u00f3n al p\u00fablico se dar\u00e1 a partir del 16 de enero.<\/p><p data-dnid=\"120170\">\u00a0<\/p><h1 class=\"wb-stl-custom11\" data-dnid=\"120188\">Costos Educativos:<\/h1><p class=\"wb-stl-custom3\" data-dnid=\"120190\">Para los costos del HOGAR INFATIL PULGARCITO se aplica el acuerdo 005 del 03 de Abril del 2002 del I.C.B.F donde se establece el valor del aporte de la tasa compensatoria, complement\u00e1ndola con la cofinanciaci\u00f3n de los costos seg\u00fan el numeral 11 de la clausula 2\u00aa del contrato de aportes del ICBF (Buscar mecanismos que permitan la cofinanciaci\u00f3n de costos y la coparticipaci\u00f3n en las acciones desarrolladas dentro del servicio).<\/p><p class=\"wb-stl-custom3\" data-dnid=\"120192\">Si se decide retirar definitivamente una ni\u00f1a o ni\u00f1o el padre de familia deber\u00e1 pasar por escrito la cancelaci\u00f3n de la matricula para que cesen las obligaciones econ\u00f3micas con la instituci\u00f3n y poder disponer del cupo.<\/p><p data-dnid=\"120192\">\u00a0<\/p><h1 class=\"wb-stl-custom11\" data-dnid=\"120198\">Horarios:<\/h1><p class=\"wb-stl-custom3\" data-dnid=\"120200\">El horario del hogar infantil es:<br \/><strong>INGRESO:<\/strong><\/p><p class=\"wb-stl-custom3\" data-dnid=\"120202\">7:00 AM &#8211; 7:30 AM<br \/><strong>SALIDA:\u00a0\u00a0 \u00a0<\/strong><\/p><p class=\"wb-stl-custom3\" data-dnid=\"120204\">\u00b7 SALACUNA: 3:30 PM &#8211; 3:40\u00a0PM<br \/>\u00b7 JARDIN: 3:40\u00a0PM &#8211; 4:00 PM<\/p>\t\t\t\t\t\t\t\t<\/div>\n\t\t\t\t<\/div>\n\t\t\t\t<div class=\"elementor-element elementor-element-0cb1f4d elementor-align-center elementor-widget elementor-widget-button\" data-id=\"0cb1f4d\" data-element_type=\"widget\" data-widget_type=\"button.default\">\n\t\t\t\t<div class=\"elementor-widget-container\">\n\t\t\t\t\t\t\t\t\t<div class=\"elementor-button-wrapper\">\n\t\t\t\t\t<a class=\"elementor-button elementor-button-link elementor-size-sm\" href=\"https:\/\/www.hogarinfantilpulgarcito.com\/?page_id=333\">\n\t\t\t\t\t\t<span class=\"elementor-button-content-wrapper\">\n\t\t\t\t\t\t\t\t\t<span class=\"elementor-button-text\">FORMULARIO DE INSCRIPCI\u00d3N<\/span>\n\t\t\t\t\t<\/span>\n\t\t\t\t\t<\/a>\n\t\t\t\t<\/div>\n\t\t\t\t\t\t\t\t<\/div>\n\t\t\t\t<\/div>\n\t\t\t\t\t<\/div>\n\t\t\t\t<\/div>\n\t\t\t\t<\/div>\n\t\t","protected":false},"excerpt":{"rendered":"<p>Proceso de inscripci\u00f3n de ni\u00f1os y ni\u00f1as ANTIGUOS Una vez se encuentre a paz y salvo\u00a0(tasas compensatorias), la agente educativa a cargo entregar\u00e1 la preinscripci\u00f3n para el 2023. Usted deber\u00e1 entregar el formato de Preinscripci\u00f3n diligenciado con letra legible, sin tachones ni enmendaduras a la agente educativa. A partir de ese momento se reserva el [&hellip;]<\/p>\n","protected":false},"author":1,"featured_media":0,"parent":115,"menu_order":5,"comment_status":"closed","ping_status":"closed","template":"elementor_canvas","meta":{"footnotes":"","_joinchat":[]},"_links":{"self":[{"href":"https:\/\/www.hogarinfantilpulgarcito.com\/index.php?rest_route=\/wp\/v2\/pages\/155"}],"collection":[{"href":"https:\/\/www.hogarinfantilpulgarcito.com\/index.php?rest_route=\/wp\/v2\/pages"}],"about":[{"href":"https:\/\/www.hogarinfantilpulgarcito.com\/index.php?rest_route=\/wp\/v2\/types\/page"}],"author":[{"embeddable":true,"href":"https:\/\/www.hogarinfantilpulgarcito.com\/index.php?rest_route=\/wp\/v2\/users\/1"}],"replies":[{"embeddable":true,"href":"https:\/\/www.hogarinfantilpulgarcito.com\/index.php?rest_route=%2Fwp%2Fv2%2Fcomments&post=155"}],"version-history":[{"count":19,"href":"https:\/\/www.hogarinfantilpulgarcito.com\/index.php?rest_route=\/wp\/v2\/pages\/155\/revisions"}],"predecessor-version":[{"id":361,"href":"https:\/\/www.hogarinfantilpulgarcito.com\/index.php?rest_route=\/wp\/v2\/pages\/155\/revisions\/361"}],"up":[{"embeddable":true,"href":"https:\/\/www.hogarinfantilpulgarcito.com\/index.php?rest_route=\/wp\/v2\/pages\/115"}],"wp:attachment":[{"href":"https:\/\/www.hogarinfantilpulgarcito.com\/index.php?rest_route=%2Fwp%2Fv2%2Fmedia&parent=155"}],"curies":[{"name":"wp","href":"https:\/\/api.w.org\/{rel}","templated":true}]}}