{"id":130,"date":"2023-09-14T20:04:47","date_gmt":"2023-09-14T20:04:47","guid":{"rendered":"https:\/\/www.h.hogarinfantilpulgarcito.com\/?page_id=130"},"modified":"2023-09-16T00:34:53","modified_gmt":"2023-09-16T00:34:53","slug":"inscripcion-nins-nuevos","status":"publish","type":"page","link":"https:\/\/www.hogarinfantilpulgarcito.com\/?page_id=130","title":{"rendered":"Inscripci\u00f3n Nin@s Nuevos"},"content":{"rendered":"\t\t<div data-elementor-type=\"wp-page\" data-elementor-id=\"130\" class=\"elementor elementor-130\">\n\t\t\t\t<div class=\"elementor-element elementor-element-303fd12 e-flex e-con-boxed e-con e-parent\" data-id=\"303fd12\" data-element_type=\"container\">\n\t\t\t\t\t<div class=\"e-con-inner\">\n\t\t\t\t<div class=\"elementor-element elementor-element-2e04c37 elementor-widget elementor-widget-text-editor\" data-id=\"2e04c37\" data-element_type=\"widget\" data-widget_type=\"text-editor.default\">\n\t\t\t\t<div class=\"elementor-widget-container\">\n\t\t\t\t\t\t\t\t\t<h1 class=\"wb-stl-custom1\" data-dnid=\"130110\">Proceso de inscripcion de ni\u00f1os y ni\u00f1as NUEVOS<\/h1><ol class=\"wb-stl-list3\" data-dnid=\"130114\"><li data-dnid=\"130252\">Descargue el formulario de inscripci\u00f3n en la\u00a0p\u00e1gina del Hogar Infantil:\u00a0www.hogarinfantilpulgarcito.com\u00a0 \u00a0 \u00a0 \u00a0 \u00a0 \u00a0 \u00a0 \u00a0 \u00a0\u00a0<\/li><li data-dnid=\"130254\">Diligencie el formulario en letra imprenta, tinta\u00a0negra y sin tachones ni enmendaduras.<\/li><li data-dnid=\"130256\">Env\u00ede el formulario diligenciado\u00a0 junto con la fotocopia\u00a0 de la cedula de los padres o responsables y del registro civil del menor al correo: direcci\u00f3n@hogarinfantilpulgarcito.com<\/li><li data-dnid=\"130258\">En las fechas indicadas verifique la lista de ni\u00f1os y ni\u00f1as admitidos en la pagina institucional.<\/li><li data-dnid=\"130260\">Realice el pago y entregue la documentaci\u00f3n solicitada seg\u00fan el nivel al que ingrese su hij@ en las fechas indicadas, en la carpeta correspondiente.<\/li><\/ol><p class=\"wb-stl-custom18\" data-dnid=\"130118\">\u00a0<\/p><h1 class=\"wb-stl-custom1\" data-dnid=\"130138\">Documentos de Ingreso:<\/h1><p>Para legalizar la inscripci\u00f3n debe adjuntar los siguientes documentos\u00a0en la carpeta que corresponda y habiendo realizado el pago:<\/p><ul class=\"wb-stl-list3\" data-dnid=\"130142\"><li data-dnid=\"130278\">Fotocopia de carnet de vacunas<\/li><li data-dnid=\"130280\">Fotocopia de carnet de EPS o Sisb\u00e9n<\/li><li data-dnid=\"130282\">Puntaje del Sisb\u00e9n o fotocopia de programaci\u00f3n de visita.<\/li><\/ul><p>\u00a0<\/p><p>En enero de 2023 debe adicionar los siguientes requisitos, antes del inicio de la prestaci\u00f3n del servicio, CON FECHA 2023:<\/p><ul class=\"wb-stl-list3\" data-dnid=\"130148\"><li data-dnid=\"130287\">Rejilla de crecimiento y desarrollo (EPS)<\/li><li data-dnid=\"130289\">Certificado de crecimiento y desarrollo (EPS)<\/li><li data-dnid=\"130291\">Certificado medico que incluya tamizaje visual y auditivo<\/li><li data-dnid=\"130293\">Afiliaci\u00f3n a sistema de seguridad social y salud descargado del ADRES<\/li><li data-dnid=\"130295\">Valoraci\u00f3n odontol\u00f3gica<\/li><li data-dnid=\"130297\">Cartas laborales y\/o extrajuicios\u00a0(desempleados, independientes, hogar)<\/li><\/ul><p>\u00a0<\/p><h1 class=\"wb-stl-custom11\" data-dnid=\"130154\">Edades y Colores de Carpetas:<\/h1><p class=\"wb-stl-custom8\" data-dnid=\"130156\">LAS CARPETAS DEBEN SER PLASTIFICADAS\u00a0TAMA\u00d1O OFICIO CON 3 GANCHOS LEGAJADORES\u00a0PLASTICOS<\/p><ul class=\"wb-stl-list1\" data-dnid=\"130158\"><li data-dnid=\"130304\"><p class=\"wb-stl-custom2\" data-dnid=\"130397\">Salacuna (Ni\u00f1os de 6 a 23 meses).<\/p><\/li><\/ul><h3 class=\"wb-stl-custom12\" data-dnid=\"130160\">\u00a0 \u00a0 \u00a0 CARPETA AMARILLA<\/h3><ul class=\"wb-stl-list1\" data-dnid=\"130162\"><li data-dnid=\"130308\">P\u00e1rvulos (Ni\u00f1os de 24 a 35 meses)<\/li><\/ul><h3 class=\"wb-stl-custom13\" data-dnid=\"130164\">\u00a0 \u00a0 \u00a0 CARPETA ROJA<\/h3><ul class=\"wb-stl-list1\" data-dnid=\"130166\"><li data-dnid=\"130312\">Pre k\u00ednder (Ni\u00f1os de 36 meses a 47 meses)<\/li><\/ul><h3 class=\"wb-stl-custom14\" data-dnid=\"130168\">\u00a0 \u00a0 \u00a0\u00a0<span data-dnid=\"130315\">CARPETA AZUL<\/span><\/h3><ul class=\"wb-stl-list1\" data-dnid=\"130170\"><li data-dnid=\"130317\">K\u00ednder (Ni\u00f1os de 48 a\u00a0 59 meses)<\/li><\/ul><h3 class=\"wb-stl-custom15\" data-dnid=\"130172\">\u00a0 \u00a0 \u00a0 CARPETA VERDE<\/h3><p class=\"wb-stl-custom3\" data-dnid=\"130174\">El servicio se presta durante todo el a\u00f1o de manera ininterrumpida hasta el mes de Diciembre.<\/p><p class=\"wb-stl-custom3\" data-dnid=\"130176\">En los meses de Junio y Octubre no hay receso escolar, con el fin de favorecer a los ni\u00f1os y ni\u00f1as cuyos padres trabajan permanentemente y no tienen a quien encomendarle el cuidado de sus hij@s.<\/p><h1 class=\"wb-stl-custom11\" data-dnid=\"130182\">Proceso de legalizaci\u00f3n de Inscripci\u00f3n:<\/h1><p class=\"wb-stl-custom2\" data-dnid=\"130184\">Pregunta por nuestras promociones antes de realizar el aporte.<\/p><p class=\"wb-stl-custom2\" data-dnid=\"130186\">Para la legalizaci\u00f3n de la inscripci\u00f3n deben traer la carpeta del color que corresponda, los requisitos COMPLETOS y el comprobante de pago. Se realizar\u00e1 por d\u00edas as\u00ed:\u00a0<\/p><p class=\"wb-stl-custom2\" data-dnid=\"130188\">1.\u00a0Salacuna: Diciembre 07\/2022<\/p><p class=\"wb-stl-custom2\" data-dnid=\"130190\">2. P\u00e1rvulos: Diciembre 08\/2022<\/p><p class=\"wb-stl-custom2\" data-dnid=\"130192\">3. Pre k\u00ednder: Diciembre 09\/2022<\/p><p class=\"wb-stl-custom2\" data-dnid=\"130194\">4. K\u00ednder: Diciembre 10\/2022<\/p><p class=\"wb-stl-custom16\" data-dnid=\"130196\">En el mes de Enero\u00a0 de 2023 se realizar\u00e1 tambi\u00e9n el proceso de legalizaci\u00f3n para aquellos padres que no se acoger\u00e1n al descuento.\u00a0<\/p><p class=\"wb-stl-custom16\" data-dnid=\"130198\">La atenci\u00f3n a Padres y al Publico en general iniciar\u00e1 el\u00a013 de Enero\u00a0a partir de las 8 am.<\/p><h1 class=\"wb-stl-custom11\" data-dnid=\"130204\">Costos Educativos:<\/h1><p class=\"wb-stl-custom3\" data-dnid=\"130206\">Para los costos del HOGAR INFATIL PULGARCITO se aplica el acuerdo 005 del 03 de Abril del 2002 del I.C.B.F donde se establece el valor del aporte de la tasa compensatoria, complement\u00e1ndola con la cofinanciaci\u00f3n de los costos seg\u00fan el numeral 11 de la clausula 2\u00aa del contrato de aportes del ICBF (Buscar mecanismos que permitan la cofinanciaci\u00f3n de costos y la coparticipaci\u00f3n en las acciones desarrolladas dentro del servicio).<\/p><p class=\"wb-stl-custom3\" data-dnid=\"130208\">Si se decide retirar definitivamente una ni\u00f1a o ni\u00f1o el padre de familia deber\u00e1 pasar por escrito la cancelaci\u00f3n de la matricula para que cesen las obligaciones econ\u00f3micas con la instituci\u00f3n y poder disponer del cupo.<\/p><h1 class=\"wb-stl-custom11\" data-dnid=\"130214\">Horarios:<\/h1><p class=\"wb-stl-custom3\" data-dnid=\"130216\">El horario del hogar infantil es:<br \/><strong>INGRESO:<\/strong><\/p><p class=\"wb-stl-custom3\" data-dnid=\"130218\">7:00 AM &#8211; 7:30 AM<br \/><strong>SALIDA:\u00a0\u00a0 \u00a0<\/strong><\/p><p class=\"wb-stl-custom3\" data-dnid=\"130220\">\u00b7 SALACUNA: 3:30 PM &#8211; 3:45 PM<br \/>\u00b7 JARDIN: 3:45 PM &#8211; 4:00 PM<\/p>\t\t\t\t\t\t\t\t<\/div>\n\t\t\t\t<\/div>\n\t\t\t\t<div class=\"elementor-element elementor-element-9cad854 elementor-align-center elementor-widget elementor-widget-button\" data-id=\"9cad854\" data-element_type=\"widget\" data-widget_type=\"button.default\">\n\t\t\t\t<div class=\"elementor-widget-container\">\n\t\t\t\t\t\t\t\t\t<div class=\"elementor-button-wrapper\">\n\t\t\t\t\t<a class=\"elementor-button elementor-button-link elementor-size-sm\" href=\"https:\/\/www.hogarinfantilpulgarcito.com\/?page_id=333\">\n\t\t\t\t\t\t<span class=\"elementor-button-content-wrapper\">\n\t\t\t\t\t\t\t\t\t<span class=\"elementor-button-text\">FORMULARIO DE INSCRIPCI\u00d3N<\/span>\n\t\t\t\t\t<\/span>\n\t\t\t\t\t<\/a>\n\t\t\t\t<\/div>\n\t\t\t\t\t\t\t\t<\/div>\n\t\t\t\t<\/div>\n\t\t\t\t\t<\/div>\n\t\t\t\t<\/div>\n\t\t\t\t<\/div>\n\t\t","protected":false},"excerpt":{"rendered":"<p>Proceso de inscripcion de ni\u00f1os y ni\u00f1as NUEVOS Descargue el formulario de inscripci\u00f3n en la\u00a0p\u00e1gina del Hogar Infantil:\u00a0www.hogarinfantilpulgarcito.com\u00a0 \u00a0 \u00a0 \u00a0 \u00a0 \u00a0 \u00a0 \u00a0 \u00a0\u00a0 Diligencie el formulario en letra imprenta, tinta\u00a0negra y sin tachones ni enmendaduras. Env\u00ede el formulario diligenciado\u00a0 junto con la fotocopia\u00a0 de la cedula de los padres o responsables y [&hellip;]<\/p>\n","protected":false},"author":1,"featured_media":0,"parent":155,"menu_order":6,"comment_status":"closed","ping_status":"closed","template":"elementor_canvas","meta":{"footnotes":"","_joinchat":[]},"_links":{"self":[{"href":"https:\/\/www.hogarinfantilpulgarcito.com\/index.php?rest_route=\/wp\/v2\/pages\/130"}],"collection":[{"href":"https:\/\/www.hogarinfantilpulgarcito.com\/index.php?rest_route=\/wp\/v2\/pages"}],"about":[{"href":"https:\/\/www.hogarinfantilpulgarcito.com\/index.php?rest_route=\/wp\/v2\/types\/page"}],"author":[{"embeddable":true,"href":"https:\/\/www.hogarinfantilpulgarcito.com\/index.php?rest_route=\/wp\/v2\/users\/1"}],"replies":[{"embeddable":true,"href":"https:\/\/www.hogarinfantilpulgarcito.com\/index.php?rest_route=%2Fwp%2Fv2%2Fcomments&post=130"}],"version-history":[{"count":46,"href":"https:\/\/www.hogarinfantilpulgarcito.com\/index.php?rest_route=\/wp\/v2\/pages\/130\/revisions"}],"predecessor-version":[{"id":358,"href":"https:\/\/www.hogarinfantilpulgarcito.com\/index.php?rest_route=\/wp\/v2\/pages\/130\/revisions\/358"}],"up":[{"embeddable":true,"href":"https:\/\/www.hogarinfantilpulgarcito.com\/index.php?rest_route=\/wp\/v2\/pages\/155"}],"wp:attachment":[{"href":"https:\/\/www.hogarinfantilpulgarcito.com\/index.php?rest_route=%2Fwp%2Fv2%2Fmedia&parent=130"}],"curies":[{"name":"wp","href":"https:\/\/api.w.org\/{rel}","templated":true}]}}