{"id":115,"date":"2023-09-14T18:05:33","date_gmt":"2023-09-14T18:05:33","guid":{"rendered":"https:\/\/www.h.hogarinfantilpulgarcito.com\/?page_id=115"},"modified":"2023-09-15T15:17:32","modified_gmt":"2023-09-15T15:17:32","slug":"inscripciones","status":"publish","type":"page","link":"https:\/\/www.hogarinfantilpulgarcito.com\/?page_id=115","title":{"rendered":"INSCRIPCIONES"},"content":{"rendered":"\t\t<div data-elementor-type=\"wp-page\" data-elementor-id=\"115\" class=\"elementor elementor-115\">\n\t\t\t\t<div class=\"elementor-element elementor-element-4d19738 e-flex e-con-boxed e-con e-parent\" data-id=\"4d19738\" data-element_type=\"container\" data-settings=\"{&quot;background_background&quot;:&quot;classic&quot;}\">\n\t\t\t\t\t<div class=\"e-con-inner\">\n\t\t\t\t<div class=\"elementor-element elementor-element-de7f4d4 elementor-widget elementor-widget-text-editor\" data-id=\"de7f4d4\" data-element_type=\"widget\" data-widget_type=\"text-editor.default\">\n\t\t\t\t<div class=\"elementor-widget-container\">\n\t\t\t\t\t\t\t\t\t<h1 class=\"wb-stl-custom1\" data-dnid=\"110110\">PROCESO DE ADMISIONES<\/h1><p class=\"wb-stl-custom9\" data-dnid=\"110112\">\u00a0<\/p><h1 class=\"wb-stl-custom1\" data-dnid=\"110114\">Documentos de Ingreso:<\/h1><p class=\"wb-stl-custom2\" data-dnid=\"110116\">Para legalizar la inscripci\u00f3n debe adjuntar los siguientes documentos\u00a0en la carpeta que corresponda y habiendo realizado el pago:<\/p><ul class=\"wb-stl-list3\" data-dnid=\"110118\"><li data-dnid=\"110231\">Fotocopia de carnet de vacunas<\/li><li data-dnid=\"110233\">Fotocopia de carnet de EPS o Sisb\u00e9n<\/li><li data-dnid=\"110235\">Puntaje del Sisb\u00e9n o fotocopia de programaci\u00f3n de visita.<\/li><\/ul><p class=\"wb-stl-custom2\" data-dnid=\"110120\">\u00a0<\/p><p class=\"wb-stl-custom10\" data-dnid=\"110122\">En enero de 2023\u00a0debe adicionar los siguientes requisitos, antes del inicio de la prestaci\u00f3n del servicio, CON FECHA 2023:<\/p><ul class=\"wb-stl-list3\" data-dnid=\"110124\"><li data-dnid=\"110240\">Rejilla de crecimiento y desarrollo (EPS)<\/li><li data-dnid=\"110242\">Certificado de crecimiento y desarrollo (EPS)<\/li><li data-dnid=\"110244\">Certificado medico que incluya tamizaje visual y auditivo<\/li><li data-dnid=\"110246\">Afiliaci\u00f3n a sistema de seguridad social y salud descargado del ADRES<\/li><li data-dnid=\"110248\">Valoraci\u00f3n odontol\u00f3gica<\/li><li data-dnid=\"110250\">Cartas laborales y\/o extrajuicios\u00a0(desempleados, independientes, hogar)<\/li><\/ul><p class=\"wb-stl-custom2\" data-dnid=\"110126\">\u00a0<\/p><p class=\"wb-stl-custom3\" data-dnid=\"110128\">\u00a0<\/p><h1 class=\"wb-stl-custom11\" data-dnid=\"110130\">Edades y Colores de Carpetas:<\/h1><p class=\"wb-stl-custom8\" data-dnid=\"110132\">LAS CARPETAS DEBEN SER PLASTIFICADAS\u00a0TAMA\u00d1O OFICIO CON 3 GANCHOS LEGAJADORES\u00a0PLASTICOS<\/p><ul class=\"wb-stl-list1\" data-dnid=\"110134\"><li data-dnid=\"110257\"><p class=\"wb-stl-custom2\" data-dnid=\"110338\">Salacuna (Ni\u00f1os de 6 a 23 meses).<\/p><\/li><\/ul><h3 class=\"wb-stl-custom12\" data-dnid=\"110136\">\u00a0 \u00a0 \u00a0 CARPETA AMARILLA<\/h3><ul class=\"wb-stl-list1\" data-dnid=\"110138\"><li data-dnid=\"110261\">P\u00e1rvulos (Ni\u00f1os de 24 a 35 meses)<\/li><\/ul><h3 class=\"wb-stl-custom13\" data-dnid=\"110140\">\u00a0 \u00a0 \u00a0 CARPETA ROJA<\/h3><ul class=\"wb-stl-list1\" data-dnid=\"110142\"><li data-dnid=\"110265\">Pre k\u00ednder (Ni\u00f1os de 36 meses a 47 meses)<\/li><\/ul><h3 class=\"wb-stl-custom14\" data-dnid=\"110144\">\u00a0 \u00a0 \u00a0\u00a0<span data-dnid=\"110268\">CARPETA AZUL<\/span><\/h3><ul class=\"wb-stl-list1\" data-dnid=\"110146\"><li data-dnid=\"110270\">K\u00ednder (Ni\u00f1os de 48 a\u00a0 59 meses)<\/li><\/ul><h3 class=\"wb-stl-custom15\" data-dnid=\"110148\">\u00a0 \u00a0 \u00a0 CARPETA VERDE<\/h3><p class=\"wb-stl-custom3\" data-dnid=\"110150\">\u00a0<\/p><p class=\"wb-stl-custom3\" data-dnid=\"110150\">El servicio se presta durante todo el a\u00f1o de manera ininterrumpida hasta el mes de Diciembre.<\/p><p class=\"wb-stl-custom3\" data-dnid=\"110152\">En los meses de Junio y Octubre no hay receso escolar, con el fin de favorecer a los ni\u00f1os y ni\u00f1as cuyos padres trabajan permanentemente y no tienen a quien encomendarle el cuidado de sus hij@s.<\/p>\t\t\t\t\t\t\t\t<\/div>\n\t\t\t\t<\/div>\n\t\t\t\t\t<\/div>\n\t\t\t\t<\/div>\n\t\t<div class=\"elementor-element elementor-element-535307f e-flex e-con-boxed e-con e-parent\" data-id=\"535307f\" data-element_type=\"container\">\n\t\t\t\t\t<div class=\"e-con-inner\">\n\t\t<div class=\"elementor-element elementor-element-14f230e e-con-full e-flex e-con e-child\" data-id=\"14f230e\" data-element_type=\"container\">\n\t\t\t\t<div class=\"elementor-element elementor-element-3665b9c elementor-align-center elementor-widget elementor-widget-button\" data-id=\"3665b9c\" data-element_type=\"widget\" data-widget_type=\"button.default\">\n\t\t\t\t<div class=\"elementor-widget-container\">\n\t\t\t\t\t\t\t\t\t<div class=\"elementor-button-wrapper\">\n\t\t\t\t\t<a class=\"elementor-button elementor-button-link elementor-size-sm\" href=\"https:\/\/www.hogarinfantilpulgarcito.com\/inicio\/elementor-51\/servicios\/componentes\/inscripciones\/inscripcion-nins-antiguos\/\">\n\t\t\t\t\t\t<span class=\"elementor-button-content-wrapper\">\n\t\t\t\t\t\t\t\t\t<span class=\"elementor-button-text\">INSCRIPCI\u00d3N NI\u00d1@S ANTIGUOS<\/span>\n\t\t\t\t\t<\/span>\n\t\t\t\t\t<\/a>\n\t\t\t\t<\/div>\n\t\t\t\t\t\t\t\t<\/div>\n\t\t\t\t<\/div>\n\t\t\t\t<\/div>\n\t\t<div class=\"elementor-element elementor-element-beb2bdb e-con-full e-flex e-con e-child\" data-id=\"beb2bdb\" data-element_type=\"container\">\n\t\t\t\t<div class=\"elementor-element elementor-element-bbd8105 elementor-align-center elementor-widget elementor-widget-button\" data-id=\"bbd8105\" data-element_type=\"widget\" data-widget_type=\"button.default\">\n\t\t\t\t<div class=\"elementor-widget-container\">\n\t\t\t\t\t\t\t\t\t<div class=\"elementor-button-wrapper\">\n\t\t\t\t\t<a class=\"elementor-button elementor-button-link elementor-size-sm\" href=\"https:\/\/www.hogarinfantilpulgarcito.com\/inicio\/elementor-51\/servicios\/componentes\/inscripciones\/inscripcion-nins-antiguos\/inscripcion-nins-nuevos\/\">\n\t\t\t\t\t\t<span class=\"elementor-button-content-wrapper\">\n\t\t\t\t\t\t\t\t\t<span class=\"elementor-button-text\">INSCRIPCI\u00d3N NI\u00d1@S NUEVOS<\/span>\n\t\t\t\t\t<\/span>\n\t\t\t\t\t<\/a>\n\t\t\t\t<\/div>\n\t\t\t\t\t\t\t\t<\/div>\n\t\t\t\t<\/div>\n\t\t\t\t<\/div>\n\t\t\t\t\t<\/div>\n\t\t\t\t<\/div>\n\t\t\t\t<\/div>\n\t\t","protected":false},"excerpt":{"rendered":"<p>PROCESO DE ADMISIONES \u00a0 Documentos de Ingreso: Para legalizar la inscripci\u00f3n debe adjuntar los siguientes documentos\u00a0en la carpeta que corresponda y habiendo realizado el pago: Fotocopia de carnet de vacunas Fotocopia de carnet de EPS o Sisb\u00e9n Puntaje del Sisb\u00e9n o fotocopia de programaci\u00f3n de visita. \u00a0 En enero de 2023\u00a0debe adicionar los siguientes requisitos, [&hellip;]<\/p>\n","protected":false},"author":1,"featured_media":0,"parent":90,"menu_order":4,"comment_status":"closed","ping_status":"closed","template":"elementor_canvas","meta":{"footnotes":"","_joinchat":[]},"_links":{"self":[{"href":"https:\/\/www.hogarinfantilpulgarcito.com\/index.php?rest_route=\/wp\/v2\/pages\/115"}],"collection":[{"href":"https:\/\/www.hogarinfantilpulgarcito.com\/index.php?rest_route=\/wp\/v2\/pages"}],"about":[{"href":"https:\/\/www.hogarinfantilpulgarcito.com\/index.php?rest_route=\/wp\/v2\/types\/page"}],"author":[{"embeddable":true,"href":"https:\/\/www.hogarinfantilpulgarcito.com\/index.php?rest_route=\/wp\/v2\/users\/1"}],"replies":[{"embeddable":true,"href":"https:\/\/www.hogarinfantilpulgarcito.com\/index.php?rest_route=%2Fwp%2Fv2%2Fcomments&post=115"}],"version-history":[{"count":13,"href":"https:\/\/www.hogarinfantilpulgarcito.com\/index.php?rest_route=\/wp\/v2\/pages\/115\/revisions"}],"predecessor-version":[{"id":263,"href":"https:\/\/www.hogarinfantilpulgarcito.com\/index.php?rest_route=\/wp\/v2\/pages\/115\/revisions\/263"}],"up":[{"embeddable":true,"href":"https:\/\/www.hogarinfantilpulgarcito.com\/index.php?rest_route=\/wp\/v2\/pages\/90"}],"wp:attachment":[{"href":"https:\/\/www.hogarinfantilpulgarcito.com\/index.php?rest_route=%2Fwp%2Fv2%2Fmedia&parent=115"}],"curies":[{"name":"wp","href":"https:\/\/api.w.org\/{rel}","templated":true}]}}